{"id":11509,"date":"2025-12-05T12:48:38","date_gmt":"2025-12-05T11:48:38","guid":{"rendered":"https:\/\/dwm.uksw.edu.pl\/?page_id=11509"},"modified":"2025-12-05T12:53:34","modified_gmt":"2025-12-05T11:53:34","slug":"akademiki","status":"publish","type":"page","link":"https:\/\/dwm.uksw.edu.pl\/en\/welcome-centre\/akademiki\/","title":{"rendered":"Dormitories"},"content":{"rendered":"\n<h2 class=\"wp-block-heading\">The student dormitories cooperating with our University are located in the <em>Osiedle Przyja\u017a\u0144<\/em> area in the Bemowo district of Warsaw.<\/h2>\n\n\n\n<p>You can choose between single and double rooms. The prices vary depending on the selected dormitory: <strong>Jelonek, Roga\u015b, or Sarna<\/strong>.<\/p>\n\n\n\n<p>From Osiedle Przyja\u017a\u0144, you can reach the <strong>W\u00f3ycicki campus<\/strong> by taking tram no. 26 or 28 and then transferring to bus no. 114. To get to the <strong>Dewajtis campus<\/strong>, you can take tram no. 26 and transfer to tram no. 6.<\/p>\n\n\n\n<p>More information about the student dormitories can be found on the website of the <strong>Student Financial Aid Office<\/strong> &#8211; www.dpm.uksw.edu.pl\/ <\/p>\n\n\n\n<p><\/p>\n","protected":false},"excerpt":{"rendered":"<p>The student dormitories cooperating with our University are located in the Osiedle Przyja\u017a\u0144 area in the Bemowo district of Warsaw. You can choose between single and double rooms. The prices vary depending on the selected dormitory: Jelonek, Roga\u015b, or Sarna. From Osiedle Przyja\u017a\u0144, you can reach the W\u00f3ycicki campus by taking tram no. 26 or [&hellip;]<\/p>\n","protected":false},"author":592,"featured_media":0,"parent":5845,"menu_order":0,"comment_status":"closed","ping_status":"closed","template":"page-templates\/template-sub-page.php","meta":{"_acf_changed":false,"inline_featured_image":false,"footnotes":"","_links_to":"","_links_to_target":""},"class_list":["post-11509","page","type-page","status-publish","hentry"],"acf":[],"_links":{"self":[{"href":"https:\/\/dwm.uksw.edu.pl\/en\/wp-json\/wp\/v2\/pages\/11509","targetHints":{"allow":["GET"]}}],"collection":[{"href":"https:\/\/dwm.uksw.edu.pl\/en\/wp-json\/wp\/v2\/pages"}],"about":[{"href":"https:\/\/dwm.uksw.edu.pl\/en\/wp-json\/wp\/v2\/types\/page"}],"author":[{"embeddable":true,"href":"https:\/\/dwm.uksw.edu.pl\/en\/wp-json\/wp\/v2\/users\/592"}],"replies":[{"embeddable":true,"href":"https:\/\/dwm.uksw.edu.pl\/en\/wp-json\/wp\/v2\/comments?post=11509"}],"version-history":[{"count":2,"href":"https:\/\/dwm.uksw.edu.pl\/en\/wp-json\/wp\/v2\/pages\/11509\/revisions"}],"predecessor-version":[{"id":11515,"href":"https:\/\/dwm.uksw.edu.pl\/en\/wp-json\/wp\/v2\/pages\/11509\/revisions\/11515"}],"up":[{"embeddable":true,"href":"https:\/\/dwm.uksw.edu.pl\/en\/wp-json\/wp\/v2\/pages\/5845"}],"wp:attachment":[{"href":"https:\/\/dwm.uksw.edu.pl\/en\/wp-json\/wp\/v2\/media?parent=11509"}],"curies":[{"name":"wp","href":"https:\/\/api.w.org\/{rel}","templated":true}]}}