{"id":5487,"date":"2022-11-22T11:06:12","date_gmt":"2022-11-22T10:06:12","guid":{"rendered":"https:\/\/dwm.uksw.edu.pl\/erasmus\/koordynatorzy\/"},"modified":"2026-03-25T12:59:27","modified_gmt":"2026-03-25T11:59:27","slug":"koordynatorzy","status":"publish","type":"page","link":"https:\/\/dwm.uksw.edu.pl\/en\/erasmus-en-nowa\/coordinators\/koordynatorzy\/","title":{"rendered":"Coordinators ERASMUS+ KA131"},"content":{"rendered":"\r\n<div class=\"\">\r\n\r\n<div class=\"row\">\r\n\r\n  \r\n\r\n\r\n     <div class=\"col-xl-4 col-lg-6 col-md-12 col-sm-12 project\">\r\n\t\t\t<div class=\"contact_box project_box\">\r\n\t\t\t<div class=\"headingh2\">Faculty of Theology<\/div>\r\n\t\t\t<div class=\"headingh3\">Institute of Theological Sciences<\/div><br>\r\n\r\n\r\n\t\t\t<p>ks. prof. UKSW dr hab. Bartosz Adamczewski<br data-rich-text-line-break=\"true\" \/><a href=\"mailto:b.adamczewski@uksw.edu.pl\">b.adamczewski@uksw.edu.pl<\/a><\/p>\n\t\t\t<\/div>\r\n    <\/div>\r\n\r\n\t\r\n\r\n\r\n     <div class=\"col-xl-4 col-lg-6 col-md-12 col-sm-12 project\">\r\n\t\t\t<div class=\"contact_box project_box\">\r\n\t\t\t<div class=\"headingh2\">Faculty of Theology<\/div>\r\n\t\t\t<div class=\"headingh3\">Institute of Media Education and Journalism<\/div><br>\r\n\r\n\r\n\t\t\t<p>dr Piotr \u0141uczuk<\/p>\n<p><a href=\"mailto:p.luczuk@uksw.edu.pl\">p.luczuk@uksw.edu.pl<\/a><\/p>\n\t\t\t<\/div>\r\n    <\/div>\r\n\r\n\t\r\n\r\n\r\n     <div class=\"col-xl-4 col-lg-6 col-md-12 col-sm-12 project\">\r\n\t\t\t<div class=\"contact_box project_box\">\r\n\t\t\t<div class=\"headingh2\">Faculty of Family Studies<\/div>\r\n\t\t\t<div class=\"headingh3\"><\/div><br>\r\n\r\n\r\n\t\t\t<p>dr Justyna St\u0119pkowska<br \/>\n<a href=\"mailto:j.stepkowska@uksw.edu.pl\">j.stepkowska@uksw.edu.pl<\/a><\/p>\n\t\t\t<\/div>\r\n    <\/div>\r\n\r\n\t\r\n\r\n\r\n     <div class=\"col-xl-4 col-lg-6 col-md-12 col-sm-12 project\">\r\n\t\t\t<div class=\"contact_box project_box\">\r\n\t\t\t<div class=\"headingh2\">Faculty of Canon Law<\/div>\r\n\t\t\t<div class=\"headingh3\"><\/div><br>\r\n\r\n\r\n\t\t\t<p>mgr Arkadiusz Mr\u00f3z<br \/>\n<a href=\"mailto:a.mroz@uksw.edu.pl\">a.mroz@uksw.edu.pl<\/a><\/p>\n\t\t\t<\/div>\r\n    <\/div>\r\n\r\n\t\r\n\r\n\r\n     <div class=\"col-xl-4 col-lg-6 col-md-12 col-sm-12 project\">\r\n\t\t\t<div class=\"contact_box project_box\">\r\n\t\t\t<div class=\"headingh2\">Faculty of Christian Philosophy<\/div>\r\n\t\t\t<div class=\"headingh3\">Center for Ecology and Ecophilosophy<\/div><br>\r\n\r\n\r\n\t\t\t<p>dr Aleksandra Lisowska-Gaczorek<\/p>\n<p><a href=\"mailto:a.lisowska-gaczorek@uksw.edu.pl\">a.lisowska-gaczorek@uksw.edu.pl<\/a><\/p>\n\t\t\t<\/div>\r\n    <\/div>\r\n\r\n\t\r\n\r\n\r\n     <div class=\"col-xl-4 col-lg-6 col-md-12 col-sm-12 project\">\r\n\t\t\t<div class=\"contact_box project_box\">\r\n\t\t\t<div class=\"headingh2\">Faculty of Christian Philosophy<\/div>\r\n\t\t\t<div class=\"headingh3\">Institute of Philosophy<\/div><br>\r\n\r\n\r\n\t\t\t<p>mgr\u00a0 Jan Filcek<\/p>\n<p><a href=\"mailto:j.filcek@uksw.edu.pl\">j.filcek@uksw.edu.pl<\/a><\/p>\n\t\t\t<\/div>\r\n    <\/div>\r\n\r\n\t\r\n\r\n\r\n     <div class=\"col-xl-4 col-lg-6 col-md-12 col-sm-12 project\">\r\n\t\t\t<div class=\"contact_box project_box\">\r\n\t\t\t<div class=\"headingh2\">Faculty of Christian Philosophy<\/div>\r\n\t\t\t<div class=\"headingh3\">Institute of Psychology<\/div><br>\r\n\r\n\r\n\t\t\t<p>mgr Micha\u0142 S\u0119kowski<br data-rich-text-line-break=\"true\" \/><a href=\"mailto:agnieszka.szymanska@uksw.edu.pl\" data-rich-text-format-boundary=\"true\">m.sekowski@uksw.edu.pl<\/a><\/p>\n\t\t\t<\/div>\r\n    <\/div>\r\n\r\n\t\r\n\r\n\r\n     <div class=\"col-xl-4 col-lg-6 col-md-12 col-sm-12 project\">\r\n\t\t\t<div class=\"contact_box project_box\">\r\n\t\t\t<div class=\"headingh2\">Faculty of Social and Economic Sciences<\/div>\r\n\t\t\t<div class=\"headingh3\">Institute of Sociological Sciences<\/div><br>\r\n\r\n\r\n\t\t\t<p>dr Martyna Kawi\u0144ska<br \/>\n<a href=\"mailto:m.kawinska@uksw.edu.pl\">m.kawinska@uksw.edu.p<\/a><\/p>\n\t\t\t<\/div>\r\n    <\/div>\r\n\r\n\t\r\n\r\n\r\n     <div class=\"col-xl-4 col-lg-6 col-md-12 col-sm-12 project\">\r\n\t\t\t<div class=\"contact_box project_box\">\r\n\t\t\t<div class=\"headingh2\">Faculty of Social and Economic Sciences<\/div>\r\n\t\t\t<div class=\"headingh3\">Institute of Economics and Finance<\/div><br>\r\n\r\n\r\n\t\t\t<p>dr Piotr Komorowski<br data-rich-text-line-break=\"true\" \/><a href=\"mailto:p.komorowski@uksw.edu.pl\">p.komorowski@uksw.edu.pl<\/a><\/p>\n\t\t\t<\/div>\r\n    <\/div>\r\n\r\n\t\r\n\r\n\r\n     <div class=\"col-xl-4 col-lg-6 col-md-12 col-sm-12 project\">\r\n\t\t\t<div class=\"contact_box project_box\">\r\n\t\t\t<div class=\"headingh2\">Faculty of Social and Economic Sciences<\/div>\r\n\t\t\t<div class=\"headingh3\">Institute of Political Sciences and Administration<\/div><br>\r\n\r\n\r\n\t\t\t<p>dr Piotr Sieniawski<\/p>\n<p><a href=\"mailto:p.sieniawski@uksw.edu.pl\">p.sieniawski@uksw.edu.pl<\/a><\/p>\n\t\t\t<\/div>\r\n    <\/div>\r\n\r\n\t\r\n\r\n\r\n     <div class=\"col-xl-4 col-lg-6 col-md-12 col-sm-12 project\">\r\n\t\t\t<div class=\"contact_box project_box\">\r\n\t\t\t<div class=\"headingh2\">Faculty of Historical Sciences<\/div>\r\n\t\t\t<div class=\"headingh3\">Institute of History<\/div><br>\r\n\r\n\r\n\t\t\t<p>dr Bart\u0142omiej D\u017awiga\u0142a<br \/>\n<a href=\"mailto:b.dzwigala@uksw.edu.pl\">b.dzwigala@uksw.edu.pl<\/a><\/p>\n\t\t\t<\/div>\r\n    <\/div>\r\n\r\n\t\r\n\r\n\r\n     <div class=\"col-xl-4 col-lg-6 col-md-12 col-sm-12 project\">\r\n\t\t\t<div class=\"contact_box project_box\">\r\n\t\t\t<div class=\"headingh2\">Faculty of Historical Sciences<\/div>\r\n\t\t\t<div class=\"headingh3\">Institute of Archeology <\/div><br>\r\n\r\n\r\n\t\t\t<p>dr Katarzyna Zeman-Wi\u015bniewska<\/p>\n<p><a href=\"mailto:k.zeman-wisniewska@uksw.edu.pl\">k.zeman-wisniewska@uksw.edu.pl<\/a><\/p>\n\t\t\t<\/div>\r\n    <\/div>\r\n\r\n\t\r\n\r\n\r\n     <div class=\"col-xl-4 col-lg-6 col-md-12 col-sm-12 project\">\r\n\t\t\t<div class=\"contact_box project_box\">\r\n\t\t\t<div class=\"headingh2\">Faculty of Historical Sciences<\/div>\r\n\t\t\t<div class=\"headingh3\">Institute of History of Art<\/div><br>\r\n\r\n\r\n\t\t\t<p>dr Magdalena Tarnowska<br data-rich-text-line-break=\"true\" \/><a href=\"mailto:m.tarnowska@uksw.edu.pl\" data-rich-text-format-boundary=\"true\">m.tarnowska@uksw.edu.pl<\/a><\/p>\n\t\t\t<\/div>\r\n    <\/div>\r\n\r\n\t\r\n\r\n\r\n     <div class=\"col-xl-4 col-lg-6 col-md-12 col-sm-12 project\">\r\n\t\t\t<div class=\"contact_box project_box\">\r\n\t\t\t<div class=\"headingh2\">Faculty of Law and Aministration<\/div>\r\n\t\t\t<div class=\"headingh3\">Law | Relations and international law<\/div><br>\r\n\r\n\r\n\t\t\t<p>dr Andrzej Pog\u0142\u00f3dek<br data-rich-text-line-break=\"true\" \/><a href=\"mailto:a.poglodek@uksw.edu.pl\" data-rich-text-format-boundary=\"true\">a.poglodek@uksw.edu.pl<\/a><\/p>\n\t\t\t<\/div>\r\n    <\/div>\r\n\r\n\t\r\n\r\n\r\n     <div class=\"col-xl-4 col-lg-6 col-md-12 col-sm-12 project\">\r\n\t\t\t<div class=\"contact_box project_box\">\r\n\t\t\t<div class=\"headingh2\">Faculty of Law and Aministration<\/div>\r\n\t\t\t<div class=\"headingh3\">Administration | Man in cyberspace<\/div><br>\r\n\r\n\r\n\t\t\t<p>dr Agnieszka Wicha<br data-rich-text-line-break=\"true\" \/><a href=\"mailto:a.wicha@uksw.edu.pl\">a.wicha@uksw.edu.pl<\/a><\/p>\n\t\t\t<\/div>\r\n    <\/div>\r\n\r\n\t\r\n\r\n\r\n     <div class=\"col-xl-4 col-lg-6 col-md-12 col-sm-12 project\">\r\n\t\t\t<div class=\"contact_box project_box\">\r\n\t\t\t<div class=\"headingh2\">Faculty of Education<\/div>\r\n\t\t\t<div class=\"headingh3\">Incoming Students<\/div><br>\r\n\r\n\r\n\t\t\t\r\n\r\ndr Marlena Kilian\r\n<a href=\"mailto:m.kilian@uksw.edu.pl\">m.kilian@uksw.edu.pl<\/a>\r\n\r\n\t\t\t<\/div>\r\n    <\/div>\r\n\r\n\t\r\n\r\n\r\n     <div class=\"col-xl-4 col-lg-6 col-md-12 col-sm-12 project\">\r\n\t\t\t<div class=\"contact_box project_box\">\r\n\t\t\t<div class=\"headingh2\">Faculty of Education<\/div>\r\n\t\t\t<div class=\"headingh3\">Outgoing Students<\/div><br>\r\n\r\n\r\n\t\t\t<p>mgr Agnieszka Baranowska<\/p>\n<p><a href=\"mailto:a.baranowska@uksw.edu.pl\">a.baranowska@uksw.edu.pl<\/a><\/p>\n\t\t\t<\/div>\r\n    <\/div>\r\n\r\n\t\r\n\r\n\r\n     <div class=\"col-xl-4 col-lg-6 col-md-12 col-sm-12 project\">\r\n\t\t\t<div class=\"contact_box project_box\">\r\n\t\t\t<div class=\"headingh2\">Faculty of Humanities<\/div>\r\n\t\t\t<div class=\"headingh3\"> Institute of Cultural and Religious Studies<\/div><br>\r\n\r\n\r\n\t\t\t<p>dr Piotr Dejneka<\/p>\n<p><a href=\"mailto:p.dejneka@uksw.edu.pl\">p.dejneka@uksw.edu.pl<\/a><\/p>\n\t\t\t<\/div>\r\n    <\/div>\r\n\r\n\t\r\n\r\n\r\n     <div class=\"col-xl-4 col-lg-6 col-md-12 col-sm-12 project\">\r\n\t\t\t<div class=\"contact_box project_box\">\r\n\t\t\t<div class=\"headingh2\">Faculty of Humanities<\/div>\r\n\t\t\t<div class=\"headingh3\">Italian Philology<\/div><br>\r\n\r\n\r\n\t\t\t<p>dr Julia Krauze<\/p>\n<p><a href=\"mailto:j.krauze@uksw.edu.pl\">j.krauze@uksw.edu.pl<\/a><\/p>\n\t\t\t<\/div>\r\n    <\/div>\r\n\r\n\t\r\n\r\n\r\n     <div class=\"col-xl-4 col-lg-6 col-md-12 col-sm-12 project\">\r\n\t\t\t<div class=\"contact_box project_box\">\r\n\t\t\t<div class=\"headingh2\">Faculty of Mathematics and Natural Sciences. School of Exact Sciences<\/div>\r\n\t\t\t<div class=\"headingh3\">Field of study: Mathematics, Computer Science<\/div><br>\r\n\r\n\r\n\t\t\t<p>mgr Jakub Grzeszczak<br data-rich-text-line-break=\"true\" \/><a href=\"mailto:jakub.grzeszczak@uksw.edu.pl\" data-rich-text-format-boundary=\"true\">jakub.grzeszczak@uksw.edu.pl<\/a><\/p>\n\t\t\t<\/div>\r\n    <\/div>\r\n\r\n\t\r\n\r\n\r\n     <div class=\"col-xl-4 col-lg-6 col-md-12 col-sm-12 project\">\r\n\t\t\t<div class=\"contact_box project_box\">\r\n\t\t\t<div class=\"headingh2\">Faculty of Mathematics and Natural Sciences. School of Exact Sciences<\/div>\r\n\t\t\t<div class=\"headingh3\">Field of study: Physics, Chemistry<\/div><br>\r\n\r\n\r\n\t\t\t<p>dr Barbara Golec<\/p>\n<p><a href=\"mailto:b.golec@uksw.edu.pl\">b.golec@uksw.edu.pl<\/a><\/p>\n\t\t\t<\/div>\r\n    <\/div>\r\n\r\n\t\r\n\r\n\r\n     <div class=\"col-xl-4 col-lg-6 col-md-12 col-sm-12 project\">\r\n\t\t\t<div class=\"contact_box project_box\">\r\n\t\t\t<div class=\"headingh2\">Faculty of Biology and Environmental Sciences<\/div>\r\n\t\t\t<div class=\"headingh3\">Institute of Biological Sciences<\/div><br>\r\n\r\n\r\n\t\t\t<p>dr hab. in\u017c. Piotr Matyjasiak prof. ucz.<br \/>\n<a href=\"mailto:p.matyjasiak@uksw.edu.pl\">p.matyjasiak@uksw.edu.pl<\/a><\/p>\n\t\t\t<\/div>\r\n    <\/div>\r\n\r\n\t\r\n\r\n\r\n     <div class=\"col-xl-4 col-lg-6 col-md-12 col-sm-12 project\">\r\n\t\t\t<div class=\"contact_box project_box\">\r\n\t\t\t<div class=\"headingh2\">Faculty of Biology and Environmental Sciences<\/div>\r\n\t\t\t<div class=\"headingh3\">Research and Teaching Center for Environmental Biotechnology and Bioeconomy <\/div><br>\r\n\r\n\r\n\t\t\t<p>dr in\u017c. Dominik Wojew\u00f3dka<\/p>\n<p><a href=\"mailto:d.wojewodka@uksw.edu.pl\">d.wojewodka@uksw.edu.pl<\/a><\/p>\n\t\t\t<\/div>\r\n    <\/div>\r\n\r\n\t\r\n\r\n\r\n     <div class=\"col-xl-4 col-lg-6 col-md-12 col-sm-12 project\">\r\n\t\t\t<div class=\"contact_box project_box\">\r\n\t\t\t<div class=\"headingh2\">Faculty of Medical Science. Collegium Medicum<\/div>\r\n\t\t\t<div class=\"headingh3\">Medicine<\/div><br>\r\n\r\n\r\n\t\t\t<p>mgr Malwina J\u0119drysik<br \/>\n<a href=\"mailto:m.jedrysik@uksw.edu.pl\">m.jedrysik@uksw.edu.pl<\/a><\/p>\n\t\t\t<\/div>\r\n    <\/div>\r\n\r\n\t\r\n\t \r\n\r\n\r\n<\/div>\r\n  \r\n<\/div>\r\n\n\n\n<p><\/p>\n","protected":false},"excerpt":{"rendered":"","protected":false},"author":1,"featured_media":0,"parent":8929,"menu_order":9,"comment_status":"closed","ping_status":"closed","template":"page-templates\/template-sub-page.php","meta":{"_acf_changed":false,"inline_featured_image":false,"footnotes":"","_links_to":"","_links_to_target":""},"class_list":["post-5487","page","type-page","status-publish","hentry"],"acf":[],"_links":{"self":[{"href":"https:\/\/dwm.uksw.edu.pl\/en\/wp-json\/wp\/v2\/pages\/5487","targetHints":{"allow":["GET"]}}],"collection":[{"href":"https:\/\/dwm.uksw.edu.pl\/en\/wp-json\/wp\/v2\/pages"}],"about":[{"href":"https:\/\/dwm.uksw.edu.pl\/en\/wp-json\/wp\/v2\/types\/page"}],"author":[{"embeddable":true,"href":"https:\/\/dwm.uksw.edu.pl\/en\/wp-json\/wp\/v2\/users\/1"}],"replies":[{"embeddable":true,"href":"https:\/\/dwm.uksw.edu.pl\/en\/wp-json\/wp\/v2\/comments?post=5487"}],"version-history":[{"count":44,"href":"https:\/\/dwm.uksw.edu.pl\/en\/wp-json\/wp\/v2\/pages\/5487\/revisions"}],"predecessor-version":[{"id":12015,"href":"https:\/\/dwm.uksw.edu.pl\/en\/wp-json\/wp\/v2\/pages\/5487\/revisions\/12015"}],"up":[{"embeddable":true,"href":"https:\/\/dwm.uksw.edu.pl\/en\/wp-json\/wp\/v2\/pages\/8929"}],"wp:attachment":[{"href":"https:\/\/dwm.uksw.edu.pl\/en\/wp-json\/wp\/v2\/media?parent=5487"}],"curies":[{"name":"wp","href":"https:\/\/api.w.org\/{rel}","templated":true}]}}