{"id":5495,"date":"2022-11-22T11:06:16","date_gmt":"2022-11-22T10:06:16","guid":{"rendered":"https:\/\/dwm.uksw.edu.pl\/stypendia-zagraniczne\/ceepus\/"},"modified":"2025-11-20T08:20:40","modified_gmt":"2025-11-20T07:20:40","slug":"ceepus","status":"publish","type":"page","link":"https:\/\/dwm.uksw.edu.pl\/en\/projekty\/ceepus\/","title":{"rendered":"CEEPUS"},"content":{"rendered":"\n<p>\u015arodkowoeuropejski Program Studi\u00f3w Uniwersyteckich &#8211; program wsp\u00f3\u0142pracy wielostronnej w dziedzinie edukacji kraj\u00f3w Europy \u015arodkowej. Kraje uczestnicz\u0105ce to Albania, Austria, Bu\u0142garia, Chorwacja, Czarnog\u00f3ra, Czechy, Macedonia, Rumunia, Polska, S\u0142owacja, S\u0142owenia, Serbia, W\u0119gry oraz Bo\u015bnia i Hercegowina.<\/p>\n\n\n\n<p>Studenci, doktoranci oraz nauczyciele akademiccy UKSW mog\u0105 aplikowa\u0107 na studia w krajach uczestnicz\u0105cych w programie w kategorii&nbsp;<strong>Freemover<\/strong>. Termin sk\u0142adania aplikacji na semestr letni w ramach kategorii Freemover:&nbsp; do&nbsp;<strong>30 listopada<\/strong>.<\/p>\n\n\n\n<p><strong>Program obs\u0142uguje oraz udziela szczeg\u00f3\u0142owych informacji:<\/strong><\/p>\n\n\n\n<p>Narodowa Agencja Wymiany Akademickiej<br>Polskie Biuro CEEPUS<br>Ul. Polna 40<br>00-635 Warszawa<br>www.nawa.gov.pl<br><a href=\"mailto:ceepus@nawa.gov.pl\">ceepus@nawa.gov.pl<\/a><\/p>\n\n\n\n<p>Wi\u0119cej informacji:&nbsp;<a href=\"https:\/\/nawa.gov.pl\/studenci\/studenci-polscy\/ceepus\/komunikaty-dotyczace-programu-ceepus\">https:\/\/nawa.gov.pl\/studenci\/studenci-polscy\/ceepus\/komunikaty-dotyczace-programu-ceepus<\/a><\/p>\n\n\n\n<p>Aplikacja on-line:&nbsp;<a href=\"http:\/\/www.ceepus.info\/\" target=\"_blank\" rel=\"noreferrer noopener\">http:\/\/www.ceepus.info\/<\/a><\/p>\n","protected":false},"excerpt":{"rendered":"<p>\u015arodkowoeuropejski Program Studi\u00f3w Uniwersyteckich &#8211; program wsp\u00f3\u0142pracy wielostronnej w dziedzinie edukacji kraj\u00f3w Europy \u015arodkowej. Kraje uczestnicz\u0105ce to Albania, Austria, Bu\u0142garia, Chorwacja, Czarnog\u00f3ra, Czechy, Macedonia, Rumunia, Polska, S\u0142owacja, S\u0142owenia, Serbia, W\u0119gry oraz Bo\u015bnia i Hercegowina. Studenci, doktoranci oraz nauczyciele akademiccy UKSW mog\u0105 aplikowa\u0107 na studia w krajach uczestnicz\u0105cych w programie w kategorii&nbsp;Freemover. Termin sk\u0142adania aplikacji na [&hellip;]<\/p>\n","protected":false},"author":1,"featured_media":0,"parent":5342,"menu_order":17,"comment_status":"closed","ping_status":"closed","template":"page-templates\/template-sub-page.php","meta":{"_acf_changed":false,"inline_featured_image":false,"footnotes":"","_links_to":"","_links_to_target":""},"class_list":["post-5495","page","type-page","status-publish","hentry"],"acf":[],"_links":{"self":[{"href":"https:\/\/dwm.uksw.edu.pl\/en\/wp-json\/wp\/v2\/pages\/5495","targetHints":{"allow":["GET"]}}],"collection":[{"href":"https:\/\/dwm.uksw.edu.pl\/en\/wp-json\/wp\/v2\/pages"}],"about":[{"href":"https:\/\/dwm.uksw.edu.pl\/en\/wp-json\/wp\/v2\/types\/page"}],"author":[{"embeddable":true,"href":"https:\/\/dwm.uksw.edu.pl\/en\/wp-json\/wp\/v2\/users\/1"}],"replies":[{"embeddable":true,"href":"https:\/\/dwm.uksw.edu.pl\/en\/wp-json\/wp\/v2\/comments?post=5495"}],"version-history":[{"count":1,"href":"https:\/\/dwm.uksw.edu.pl\/en\/wp-json\/wp\/v2\/pages\/5495\/revisions"}],"predecessor-version":[{"id":11059,"href":"https:\/\/dwm.uksw.edu.pl\/en\/wp-json\/wp\/v2\/pages\/5495\/revisions\/11059"}],"up":[{"embeddable":true,"href":"https:\/\/dwm.uksw.edu.pl\/en\/wp-json\/wp\/v2\/pages\/5342"}],"wp:attachment":[{"href":"https:\/\/dwm.uksw.edu.pl\/en\/wp-json\/wp\/v2\/media?parent=5495"}],"curies":[{"name":"wp","href":"https:\/\/api.w.org\/{rel}","templated":true}]}}