{"id":5702,"date":"2023-04-18T10:04:46","date_gmt":"2023-04-18T08:04:46","guid":{"rendered":"https:\/\/dwm.uksw.edu.pl\/?page_id=5702"},"modified":"2023-04-18T10:20:07","modified_gmt":"2023-04-18T08:20:07","slug":"international-associations","status":"publish","type":"page","link":"https:\/\/dwm.uksw.edu.pl\/en\/international-associations\/","title":{"rendered":"<strong>International associations<\/strong>"},"content":{"rendered":"<p>The associations to which UKSW belongs include:<\/p>\n<ul>\n<li><strong>FUCE \u2013 F\u00e9d\u00e9ration des Universit\u00e9s Catholiques Europ\u00e9ennes<\/strong> \u2013 a network of Catholic European universities created under the F\u00e9d\u00e9ration Internationale des Universit\u00e9s Catholiques.<\/li>\n<li><strong>FIUC \u2013 F\u00e9d\u00e9ration Internationale des Universit\u00e9s Catholiques<\/strong> \u2013 an international association of Catholic universities and institutions of higher education, approved by the Holy See in 1949 and recognized as an International Non-Governmental Organization by the United Nations System.<\/li>\n<\/ul>\n","protected":false},"excerpt":{"rendered":"<p>The associations to which UKSW belongs include: FUCE \u2013 F\u00e9d\u00e9ration des Universit\u00e9s Catholiques Europ\u00e9ennes \u2013 a network of Catholic European universities created under the F\u00e9d\u00e9ration Internationale des Universit\u00e9s Catholiques. FIUC \u2013 F\u00e9d\u00e9ration Internationale des Universit\u00e9s Catholiques \u2013 an international association of Catholic universities and institutions of higher education, approved by the Holy See in 1949 [&hellip;]<\/p>\n","protected":false},"author":74,"featured_media":0,"parent":0,"menu_order":0,"comment_status":"closed","ping_status":"closed","template":"page-templates\/template-sub-page.php","meta":{"_acf_changed":false,"inline_featured_image":false,"footnotes":"","_links_to":"","_links_to_target":""},"class_list":["post-5702","page","type-page","status-publish","hentry"],"acf":[],"_links":{"self":[{"href":"https:\/\/dwm.uksw.edu.pl\/en\/wp-json\/wp\/v2\/pages\/5702","targetHints":{"allow":["GET"]}}],"collection":[{"href":"https:\/\/dwm.uksw.edu.pl\/en\/wp-json\/wp\/v2\/pages"}],"about":[{"href":"https:\/\/dwm.uksw.edu.pl\/en\/wp-json\/wp\/v2\/types\/page"}],"author":[{"embeddable":true,"href":"https:\/\/dwm.uksw.edu.pl\/en\/wp-json\/wp\/v2\/users\/74"}],"replies":[{"embeddable":true,"href":"https:\/\/dwm.uksw.edu.pl\/en\/wp-json\/wp\/v2\/comments?post=5702"}],"version-history":[{"count":2,"href":"https:\/\/dwm.uksw.edu.pl\/en\/wp-json\/wp\/v2\/pages\/5702\/revisions"}],"predecessor-version":[{"id":5704,"href":"https:\/\/dwm.uksw.edu.pl\/en\/wp-json\/wp\/v2\/pages\/5702\/revisions\/5704"}],"wp:attachment":[{"href":"https:\/\/dwm.uksw.edu.pl\/en\/wp-json\/wp\/v2\/media?parent=5702"}],"curies":[{"name":"wp","href":"https:\/\/api.w.org\/{rel}","templated":true}]}}